{"id":2230,"date":"2020-12-28T09:36:32","date_gmt":"2020-12-28T09:36:32","guid":{"rendered":"https:\/\/tiendaecologicalacanela.com\/comprar\/\/?post_type=product&#038;p=2230"},"modified":"2024-03-13T20:34:40","modified_gmt":"2024-03-13T20:34:40","slug":"cinturon-para-yoga-pequeno","status":"publish","type":"product","link":"https:\/\/tiendaecologicalacanela.com\/comprar\/producto\/cinturon-para-yoga-pequeno\/","title":{"rendered":"Cintur\u00f3n para yoga peque\u00f1o"},"content":{"rendered":"","protected":false},"excerpt":{"rendered":"<p>Este <strong>cintur\u00f3n para yoga peque\u00f1o<\/strong>, est\u00e1 dise\u00f1ado especialmente para ayudar con lesiones de ingles.<\/p>\n<p><strong>Medidas <\/strong>aproximadas: 100 x 2.5 cm.<\/p>\n<hr \/>\n<h3>\u00a1Ll\u00e1manos ahora al t<strong>el\u00e9fono <a href=\"tel: 915314904\">915 314 904<\/a>!<\/strong><\/h3>\n<hr \/>\n","protected":false},"featured_media":2231,"template":"","meta":[],"product_cat":[29],"product_tag":[],"yoast_head":"<!-- This site is optimized with the Yoast SEO plugin v21.4 - https:\/\/yoast.com\/wordpress\/plugins\/seo\/ -->\n<title>Cintur\u00f3n para yoga peque\u00f1o - Tienda de yoga online La Canela<\/title>\n<meta name=\"robots\" content=\"index, follow, max-snippet:-1, max-image-preview:large, max-video-preview:-1\" \/>\n<link rel=\"canonical\" href=\"https:\/\/tiendaecologicalacanela.com\/comprar\/producto\/cinturon-para-yoga-pequeno\/\" \/>\n<meta property=\"og:locale\" content=\"es_ES\" \/>\n<meta property=\"og:type\" content=\"article\" \/>\n<meta property=\"og:title\" content=\"Cintur\u00f3n para yoga peque\u00f1o - Tienda de yoga online La Canela\" \/>\n<meta property=\"og:description\" content=\"Este cintur\u00f3n para yoga peque\u00f1o, est\u00e1 dise\u00f1ado especialmente para ayudar con lesiones de ingles.  Medidas aproximadas: 100 x 2.5 cm.    \u00a1Ll\u00e1manos ahora al tel\u00e9fono 915 314 904!\" \/>\n<meta property=\"og:url\" content=\"https:\/\/tiendaecologicalacanela.com\/comprar\/producto\/cinturon-para-yoga-pequeno\/\" \/>\n<meta property=\"og:site_name\" content=\"Tienda de yoga online La Canela\" \/>\n<meta property=\"article:modified_time\" content=\"2024-03-13T20:34:40+00:00\" \/>\n<meta property=\"og:image\" content=\"https:\/\/tiendaecologicalacanela.com\/comprar\/wp-content\/uploads\/2020\/12\/cinturon-yoga-pequeno-tienda-ecologica-la-canela.jpg\" \/>\n\t<meta property=\"og:image:width\" content=\"1000\" \/>\n\t<meta property=\"og:image:height\" content=\"1000\" \/>\n\t<meta property=\"og:image:type\" content=\"image\/jpeg\" \/>\n<meta name=\"twitter:card\" content=\"summary_large_image\" \/>\n<script type=\"application\/ld+json\" class=\"yoast-schema-graph\">{\"@context\":\"https:\/\/schema.org\",\"@graph\":[{\"@type\":\"WebPage\",\"@id\":\"https:\/\/tiendaecologicalacanela.com\/comprar\/producto\/cinturon-para-yoga-pequeno\/\",\"url\":\"https:\/\/tiendaecologicalacanela.com\/comprar\/producto\/cinturon-para-yoga-pequeno\/\",\"name\":\"Cintur\u00f3n para yoga peque\u00f1o - Tienda de yoga online La Canela\",\"isPartOf\":{\"@id\":\"https:\/\/tiendaecologicalacanela.com\/comprar\/#website\"},\"datePublished\":\"2020-12-28T09:36:32+00:00\",\"dateModified\":\"2024-03-13T20:34:40+00:00\",\"breadcrumb\":{\"@id\":\"https:\/\/tiendaecologicalacanela.com\/comprar\/producto\/cinturon-para-yoga-pequeno\/#breadcrumb\"},\"inLanguage\":\"es\",\"potentialAction\":[{\"@type\":\"ReadAction\",\"target\":[\"https:\/\/tiendaecologicalacanela.com\/comprar\/producto\/cinturon-para-yoga-pequeno\/\"]}]},{\"@type\":\"BreadcrumbList\",\"@id\":\"https:\/\/tiendaecologicalacanela.com\/comprar\/producto\/cinturon-para-yoga-pequeno\/#breadcrumb\",\"itemListElement\":[{\"@type\":\"ListItem\",\"position\":1,\"name\":\"Tienda\",\"item\":\"https:\/\/tiendaecologicalacanela.com\/comprar\/tienda\/\"},{\"@type\":\"ListItem\",\"position\":2,\"name\":\"Cintur\u00f3n para yoga peque\u00f1o\"}]},{\"@type\":\"WebSite\",\"@id\":\"https:\/\/tiendaecologicalacanela.com\/comprar\/#website\",\"url\":\"https:\/\/tiendaecologicalacanela.com\/comprar\/\",\"name\":\"Tienda de yoga online La Canela\",\"description\":\"\",\"potentialAction\":[{\"@type\":\"SearchAction\",\"target\":{\"@type\":\"EntryPoint\",\"urlTemplate\":\"https:\/\/tiendaecologicalacanela.com\/comprar\/?s={search_term_string}\"},\"query-input\":\"required name=search_term_string\"}],\"inLanguage\":\"es\"}]}<\/script>\n<!-- \/ Yoast SEO plugin. -->","yoast_head_json":{"title":"Cintur\u00f3n para yoga peque\u00f1o - Tienda de yoga online La Canela","robots":{"index":"index","follow":"follow","max-snippet":"max-snippet:-1","max-image-preview":"max-image-preview:large","max-video-preview":"max-video-preview:-1"},"canonical":"https:\/\/tiendaecologicalacanela.com\/comprar\/producto\/cinturon-para-yoga-pequeno\/","og_locale":"es_ES","og_type":"article","og_title":"Cintur\u00f3n para yoga peque\u00f1o - Tienda de yoga online La Canela","og_description":"Este cintur\u00f3n para yoga peque\u00f1o, est\u00e1 dise\u00f1ado especialmente para ayudar con lesiones de ingles.  Medidas aproximadas: 100 x 2.5 cm.    \u00a1Ll\u00e1manos ahora al tel\u00e9fono 915 314 904!","og_url":"https:\/\/tiendaecologicalacanela.com\/comprar\/producto\/cinturon-para-yoga-pequeno\/","og_site_name":"Tienda de yoga online La Canela","article_modified_time":"2024-03-13T20:34:40+00:00","og_image":[{"width":1000,"height":1000,"url":"https:\/\/tiendaecologicalacanela.com\/comprar\/wp-content\/uploads\/2020\/12\/cinturon-yoga-pequeno-tienda-ecologica-la-canela.jpg","type":"image\/jpeg"}],"twitter_card":"summary_large_image","schema":{"@context":"https:\/\/schema.org","@graph":[{"@type":"WebPage","@id":"https:\/\/tiendaecologicalacanela.com\/comprar\/producto\/cinturon-para-yoga-pequeno\/","url":"https:\/\/tiendaecologicalacanela.com\/comprar\/producto\/cinturon-para-yoga-pequeno\/","name":"Cintur\u00f3n para yoga peque\u00f1o - Tienda de yoga online La Canela","isPartOf":{"@id":"https:\/\/tiendaecologicalacanela.com\/comprar\/#website"},"datePublished":"2020-12-28T09:36:32+00:00","dateModified":"2024-03-13T20:34:40+00:00","breadcrumb":{"@id":"https:\/\/tiendaecologicalacanela.com\/comprar\/producto\/cinturon-para-yoga-pequeno\/#breadcrumb"},"inLanguage":"es","potentialAction":[{"@type":"ReadAction","target":["https:\/\/tiendaecologicalacanela.com\/comprar\/producto\/cinturon-para-yoga-pequeno\/"]}]},{"@type":"BreadcrumbList","@id":"https:\/\/tiendaecologicalacanela.com\/comprar\/producto\/cinturon-para-yoga-pequeno\/#breadcrumb","itemListElement":[{"@type":"ListItem","position":1,"name":"Tienda","item":"https:\/\/tiendaecologicalacanela.com\/comprar\/tienda\/"},{"@type":"ListItem","position":2,"name":"Cintur\u00f3n para yoga peque\u00f1o"}]},{"@type":"WebSite","@id":"https:\/\/tiendaecologicalacanela.com\/comprar\/#website","url":"https:\/\/tiendaecologicalacanela.com\/comprar\/","name":"Tienda de yoga online La Canela","description":"","potentialAction":[{"@type":"SearchAction","target":{"@type":"EntryPoint","urlTemplate":"https:\/\/tiendaecologicalacanela.com\/comprar\/?s={search_term_string}"},"query-input":"required name=search_term_string"}],"inLanguage":"es"}]}},"_links":{"self":[{"href":"https:\/\/tiendaecologicalacanela.com\/comprar\/wp-json\/wp\/v2\/product\/2230"}],"collection":[{"href":"https:\/\/tiendaecologicalacanela.com\/comprar\/wp-json\/wp\/v2\/product"}],"about":[{"href":"https:\/\/tiendaecologicalacanela.com\/comprar\/wp-json\/wp\/v2\/types\/product"}],"wp:featuredmedia":[{"embeddable":true,"href":"https:\/\/tiendaecologicalacanela.com\/comprar\/wp-json\/wp\/v2\/media\/2231"}],"wp:attachment":[{"href":"https:\/\/tiendaecologicalacanela.com\/comprar\/wp-json\/wp\/v2\/media?parent=2230"}],"wp:term":[{"taxonomy":"product_cat","embeddable":true,"href":"https:\/\/tiendaecologicalacanela.com\/comprar\/wp-json\/wp\/v2\/product_cat?post=2230"},{"taxonomy":"product_tag","embeddable":true,"href":"https:\/\/tiendaecologicalacanela.com\/comprar\/wp-json\/wp\/v2\/product_tag?post=2230"}],"curies":[{"name":"wp","href":"https:\/\/api.w.org\/{rel}","templated":true}]}}