{"id":2344,"date":"2020-12-28T16:01:44","date_gmt":"2020-12-28T16:01:44","guid":{"rendered":"https:\/\/tiendaecologicalacanela.com\/comprar\/\/?post_type=product&#038;p=2344"},"modified":"2024-03-13T20:30:02","modified_gmt":"2024-03-13T20:30:02","slug":"funda-de-esterilla","status":"publish","type":"product","link":"https:\/\/tiendaecologicalacanela.com\/comprar\/producto\/funda-de-esterilla\/","title":{"rendered":"Funda de esterilla yoga"},"content":{"rendered":"","protected":false},"excerpt":{"rendered":"<p><strong>Medidas<\/strong>: 70 cm de largo x 19 de di\u00e1metro.<\/p>\n<p><strong>Bordado brillante<\/strong> del <strong>OM<\/strong>.<\/p>\n<p><strong>100% lona de algod\u00f3n<\/strong>.<\/p>\n<p><strong>Lavable a m\u00e1quina<\/strong> hasta 40\u00baC.<\/p>\n<p><strong>Cierre de cremallera<\/strong>.<\/p>\n<p><strong>Dos bolsillos peque\u00f1os<\/strong>.<\/p>\n<hr \/>\n<h3>\u00a1Ll\u00e1manos ahora al t<strong>el\u00e9fono <a href=\"tel: 915314904\">915 314 904<\/a>!<\/strong><\/h3>\n<hr \/>\n","protected":false},"featured_media":2347,"template":"","meta":[],"product_cat":[16],"product_tag":[],"yoast_head":"<!-- This site is optimized with the Yoast SEO plugin v21.4 - https:\/\/yoast.com\/wordpress\/plugins\/seo\/ -->\n<title>Funda de esterilla yoga - Tienda de yoga online La Canela<\/title>\n<meta name=\"robots\" content=\"index, follow, max-snippet:-1, max-image-preview:large, max-video-preview:-1\" \/>\n<link rel=\"canonical\" href=\"https:\/\/tiendaecologicalacanela.com\/comprar\/producto\/funda-de-esterilla\/\" \/>\n<meta property=\"og:locale\" content=\"es_ES\" \/>\n<meta property=\"og:type\" content=\"article\" \/>\n<meta property=\"og:title\" content=\"Funda de esterilla yoga - Tienda de yoga online La Canela\" \/>\n<meta property=\"og:description\" content=\"Medidas: 70 cm de largo x 19 de di\u00e1metro.  Bordado brillante del OM.  100% lona de algod\u00f3n.  Lavable a m\u00e1quina hasta 40\u00baC.  Cierre de cremallera.  Dos bolsillos peque\u00f1os.    \u00a1Ll\u00e1manos ahora al tel\u00e9fono 915 314 904!\" \/>\n<meta property=\"og:url\" content=\"https:\/\/tiendaecologicalacanela.com\/comprar\/producto\/funda-de-esterilla\/\" \/>\n<meta property=\"og:site_name\" content=\"Tienda de yoga online La Canela\" \/>\n<meta property=\"article:modified_time\" content=\"2024-03-13T20:30:02+00:00\" \/>\n<meta property=\"og:image\" content=\"https:\/\/tiendaecologicalacanela.com\/comprar\/wp-content\/uploads\/2020\/12\/funda-de-esterilla-para-yoga-tienda-ecologica-la-canela.jpg\" \/>\n\t<meta property=\"og:image:width\" content=\"1000\" \/>\n\t<meta property=\"og:image:height\" content=\"1297\" \/>\n\t<meta property=\"og:image:type\" content=\"image\/jpeg\" \/>\n<meta name=\"twitter:card\" content=\"summary_large_image\" \/>\n<script type=\"application\/ld+json\" class=\"yoast-schema-graph\">{\"@context\":\"https:\/\/schema.org\",\"@graph\":[{\"@type\":\"WebPage\",\"@id\":\"https:\/\/tiendaecologicalacanela.com\/comprar\/producto\/funda-de-esterilla\/\",\"url\":\"https:\/\/tiendaecologicalacanela.com\/comprar\/producto\/funda-de-esterilla\/\",\"name\":\"Funda de esterilla yoga - Tienda de yoga online La Canela\",\"isPartOf\":{\"@id\":\"https:\/\/tiendaecologicalacanela.com\/comprar\/#website\"},\"datePublished\":\"2020-12-28T16:01:44+00:00\",\"dateModified\":\"2024-03-13T20:30:02+00:00\",\"breadcrumb\":{\"@id\":\"https:\/\/tiendaecologicalacanela.com\/comprar\/producto\/funda-de-esterilla\/#breadcrumb\"},\"inLanguage\":\"es\",\"potentialAction\":[{\"@type\":\"ReadAction\",\"target\":[\"https:\/\/tiendaecologicalacanela.com\/comprar\/producto\/funda-de-esterilla\/\"]}]},{\"@type\":\"BreadcrumbList\",\"@id\":\"https:\/\/tiendaecologicalacanela.com\/comprar\/producto\/funda-de-esterilla\/#breadcrumb\",\"itemListElement\":[{\"@type\":\"ListItem\",\"position\":1,\"name\":\"Tienda\",\"item\":\"https:\/\/tiendaecologicalacanela.com\/comprar\/tienda\/\"},{\"@type\":\"ListItem\",\"position\":2,\"name\":\"Funda de esterilla yoga\"}]},{\"@type\":\"WebSite\",\"@id\":\"https:\/\/tiendaecologicalacanela.com\/comprar\/#website\",\"url\":\"https:\/\/tiendaecologicalacanela.com\/comprar\/\",\"name\":\"Tienda de yoga online La Canela\",\"description\":\"\",\"potentialAction\":[{\"@type\":\"SearchAction\",\"target\":{\"@type\":\"EntryPoint\",\"urlTemplate\":\"https:\/\/tiendaecologicalacanela.com\/comprar\/?s={search_term_string}\"},\"query-input\":\"required name=search_term_string\"}],\"inLanguage\":\"es\"}]}<\/script>\n<!-- \/ Yoast SEO plugin. -->","yoast_head_json":{"title":"Funda de esterilla yoga - Tienda de yoga online La Canela","robots":{"index":"index","follow":"follow","max-snippet":"max-snippet:-1","max-image-preview":"max-image-preview:large","max-video-preview":"max-video-preview:-1"},"canonical":"https:\/\/tiendaecologicalacanela.com\/comprar\/producto\/funda-de-esterilla\/","og_locale":"es_ES","og_type":"article","og_title":"Funda de esterilla yoga - Tienda de yoga online La Canela","og_description":"Medidas: 70 cm de largo x 19 de di\u00e1metro.  Bordado brillante del OM.  100% lona de algod\u00f3n.  Lavable a m\u00e1quina hasta 40\u00baC.  Cierre de cremallera.  Dos bolsillos peque\u00f1os.    \u00a1Ll\u00e1manos ahora al tel\u00e9fono 915 314 904!","og_url":"https:\/\/tiendaecologicalacanela.com\/comprar\/producto\/funda-de-esterilla\/","og_site_name":"Tienda de yoga online La Canela","article_modified_time":"2024-03-13T20:30:02+00:00","og_image":[{"width":1000,"height":1297,"url":"https:\/\/tiendaecologicalacanela.com\/comprar\/wp-content\/uploads\/2020\/12\/funda-de-esterilla-para-yoga-tienda-ecologica-la-canela.jpg","type":"image\/jpeg"}],"twitter_card":"summary_large_image","schema":{"@context":"https:\/\/schema.org","@graph":[{"@type":"WebPage","@id":"https:\/\/tiendaecologicalacanela.com\/comprar\/producto\/funda-de-esterilla\/","url":"https:\/\/tiendaecologicalacanela.com\/comprar\/producto\/funda-de-esterilla\/","name":"Funda de esterilla yoga - Tienda de yoga online La Canela","isPartOf":{"@id":"https:\/\/tiendaecologicalacanela.com\/comprar\/#website"},"datePublished":"2020-12-28T16:01:44+00:00","dateModified":"2024-03-13T20:30:02+00:00","breadcrumb":{"@id":"https:\/\/tiendaecologicalacanela.com\/comprar\/producto\/funda-de-esterilla\/#breadcrumb"},"inLanguage":"es","potentialAction":[{"@type":"ReadAction","target":["https:\/\/tiendaecologicalacanela.com\/comprar\/producto\/funda-de-esterilla\/"]}]},{"@type":"BreadcrumbList","@id":"https:\/\/tiendaecologicalacanela.com\/comprar\/producto\/funda-de-esterilla\/#breadcrumb","itemListElement":[{"@type":"ListItem","position":1,"name":"Tienda","item":"https:\/\/tiendaecologicalacanela.com\/comprar\/tienda\/"},{"@type":"ListItem","position":2,"name":"Funda de esterilla yoga"}]},{"@type":"WebSite","@id":"https:\/\/tiendaecologicalacanela.com\/comprar\/#website","url":"https:\/\/tiendaecologicalacanela.com\/comprar\/","name":"Tienda de yoga online La Canela","description":"","potentialAction":[{"@type":"SearchAction","target":{"@type":"EntryPoint","urlTemplate":"https:\/\/tiendaecologicalacanela.com\/comprar\/?s={search_term_string}"},"query-input":"required name=search_term_string"}],"inLanguage":"es"}]}},"_links":{"self":[{"href":"https:\/\/tiendaecologicalacanela.com\/comprar\/wp-json\/wp\/v2\/product\/2344"}],"collection":[{"href":"https:\/\/tiendaecologicalacanela.com\/comprar\/wp-json\/wp\/v2\/product"}],"about":[{"href":"https:\/\/tiendaecologicalacanela.com\/comprar\/wp-json\/wp\/v2\/types\/product"}],"wp:featuredmedia":[{"embeddable":true,"href":"https:\/\/tiendaecologicalacanela.com\/comprar\/wp-json\/wp\/v2\/media\/2347"}],"wp:attachment":[{"href":"https:\/\/tiendaecologicalacanela.com\/comprar\/wp-json\/wp\/v2\/media?parent=2344"}],"wp:term":[{"taxonomy":"product_cat","embeddable":true,"href":"https:\/\/tiendaecologicalacanela.com\/comprar\/wp-json\/wp\/v2\/product_cat?post=2344"},{"taxonomy":"product_tag","embeddable":true,"href":"https:\/\/tiendaecologicalacanela.com\/comprar\/wp-json\/wp\/v2\/product_tag?post=2344"}],"curies":[{"name":"wp","href":"https:\/\/api.w.org\/{rel}","templated":true}]}}