{"id":2898,"date":"2021-08-03T11:06:59","date_gmt":"2021-08-03T11:06:59","guid":{"rendered":"https:\/\/tiendaecologicalacanela.com\/comprar\/\/?post_type=product&#038;p=2898"},"modified":"2024-02-12T09:16:43","modified_gmt":"2024-02-12T09:16:43","slug":"silla-de-yoga","status":"publish","type":"product","link":"https:\/\/tiendaecologicalacanela.com\/comprar\/producto\/silla-de-yoga\/","title":{"rendered":"Silla de yoga"},"content":{"rendered":"","protected":false},"excerpt":{"rendered":"<p>El <strong>yoga en silla<\/strong> es muy importante para fines de <strong>rehabilitaci\u00f3n<\/strong> y tambi\u00e9n muy adaptable a las necesidades f\u00edsicas de una amplia variedad de personas.<\/p>\n<h2><strong>SILLA PARA YOGA MEDIDAS<\/strong><\/h2>\n<ul>\n<li><strong>Medidas silla<\/strong>: 46x79x46 cm.<\/li>\n<li><strong>Medidas asiento<\/strong>: 39x38x40 cm.<\/li>\n<\/ul>\n<hr \/>\n<h3>\u00a1Ll\u00e1manos ahora al t<strong>el\u00e9fono <a href=\"tel: 915314904\">915 314 904<\/a>!<\/strong><\/h3>\n<hr \/>\n","protected":false},"featured_media":2903,"template":"","meta":[],"product_cat":[119],"product_tag":[],"yoast_head":"<!-- This site is optimized with the Yoast SEO plugin v21.4 - https:\/\/yoast.com\/wordpress\/plugins\/seo\/ -->\n<title>Silla de yoga - Tienda de yoga online La Canela<\/title>\n<meta name=\"robots\" content=\"index, follow, max-snippet:-1, max-image-preview:large, max-video-preview:-1\" \/>\n<link rel=\"canonical\" href=\"https:\/\/tiendaecologicalacanela.com\/comprar\/producto\/silla-de-yoga\/\" \/>\n<meta property=\"og:locale\" content=\"es_ES\" \/>\n<meta property=\"og:type\" content=\"article\" \/>\n<meta property=\"og:title\" content=\"Silla de yoga - Tienda de yoga online La Canela\" \/>\n<meta property=\"og:description\" content=\"El yoga en silla es muy importante para fines de rehabilitaci\u00f3n y tambi\u00e9n muy adaptable a las necesidades f\u00edsicas de una amplia variedad de personas. SILLA PARA YOGA MEDIDAS   Medidas silla: 46x79x46 cm.  Medidas asiento: 39x38x40 cm.     \u00a1Ll\u00e1manos ahora al tel\u00e9fono 915 314 904!\" \/>\n<meta property=\"og:url\" content=\"https:\/\/tiendaecologicalacanela.com\/comprar\/producto\/silla-de-yoga\/\" \/>\n<meta property=\"og:site_name\" content=\"Tienda de yoga online La Canela\" \/>\n<meta property=\"article:modified_time\" content=\"2024-02-12T09:16:43+00:00\" \/>\n<meta property=\"og:image\" content=\"https:\/\/tiendaecologicalacanela.com\/comprar\/wp-content\/uploads\/2021\/08\/silla-de-yoga-comprar-online.jpg\" \/>\n\t<meta property=\"og:image:width\" content=\"1000\" \/>\n\t<meta property=\"og:image:height\" content=\"1000\" \/>\n\t<meta property=\"og:image:type\" content=\"image\/jpeg\" \/>\n<meta name=\"twitter:card\" content=\"summary_large_image\" \/>\n<script type=\"application\/ld+json\" class=\"yoast-schema-graph\">{\"@context\":\"https:\/\/schema.org\",\"@graph\":[{\"@type\":\"WebPage\",\"@id\":\"https:\/\/tiendaecologicalacanela.com\/comprar\/producto\/silla-de-yoga\/\",\"url\":\"https:\/\/tiendaecologicalacanela.com\/comprar\/producto\/silla-de-yoga\/\",\"name\":\"Silla de yoga - Tienda de yoga online La Canela\",\"isPartOf\":{\"@id\":\"https:\/\/tiendaecologicalacanela.com\/comprar\/#website\"},\"datePublished\":\"2021-08-03T11:06:59+00:00\",\"dateModified\":\"2024-02-12T09:16:43+00:00\",\"breadcrumb\":{\"@id\":\"https:\/\/tiendaecologicalacanela.com\/comprar\/producto\/silla-de-yoga\/#breadcrumb\"},\"inLanguage\":\"es\",\"potentialAction\":[{\"@type\":\"ReadAction\",\"target\":[\"https:\/\/tiendaecologicalacanela.com\/comprar\/producto\/silla-de-yoga\/\"]}]},{\"@type\":\"BreadcrumbList\",\"@id\":\"https:\/\/tiendaecologicalacanela.com\/comprar\/producto\/silla-de-yoga\/#breadcrumb\",\"itemListElement\":[{\"@type\":\"ListItem\",\"position\":1,\"name\":\"Tienda\",\"item\":\"https:\/\/tiendaecologicalacanela.com\/comprar\/tienda\/\"},{\"@type\":\"ListItem\",\"position\":2,\"name\":\"Silla de yoga\"}]},{\"@type\":\"WebSite\",\"@id\":\"https:\/\/tiendaecologicalacanela.com\/comprar\/#website\",\"url\":\"https:\/\/tiendaecologicalacanela.com\/comprar\/\",\"name\":\"Tienda de yoga online La Canela\",\"description\":\"\",\"potentialAction\":[{\"@type\":\"SearchAction\",\"target\":{\"@type\":\"EntryPoint\",\"urlTemplate\":\"https:\/\/tiendaecologicalacanela.com\/comprar\/?s={search_term_string}\"},\"query-input\":\"required name=search_term_string\"}],\"inLanguage\":\"es\"}]}<\/script>\n<!-- \/ Yoast SEO plugin. -->","yoast_head_json":{"title":"Silla de yoga - Tienda de yoga online La Canela","robots":{"index":"index","follow":"follow","max-snippet":"max-snippet:-1","max-image-preview":"max-image-preview:large","max-video-preview":"max-video-preview:-1"},"canonical":"https:\/\/tiendaecologicalacanela.com\/comprar\/producto\/silla-de-yoga\/","og_locale":"es_ES","og_type":"article","og_title":"Silla de yoga - Tienda de yoga online La Canela","og_description":"El yoga en silla es muy importante para fines de rehabilitaci\u00f3n y tambi\u00e9n muy adaptable a las necesidades f\u00edsicas de una amplia variedad de personas. SILLA PARA YOGA MEDIDAS   Medidas silla: 46x79x46 cm.  Medidas asiento: 39x38x40 cm.     \u00a1Ll\u00e1manos ahora al tel\u00e9fono 915 314 904!","og_url":"https:\/\/tiendaecologicalacanela.com\/comprar\/producto\/silla-de-yoga\/","og_site_name":"Tienda de yoga online La Canela","article_modified_time":"2024-02-12T09:16:43+00:00","og_image":[{"width":1000,"height":1000,"url":"https:\/\/tiendaecologicalacanela.com\/comprar\/wp-content\/uploads\/2021\/08\/silla-de-yoga-comprar-online.jpg","type":"image\/jpeg"}],"twitter_card":"summary_large_image","schema":{"@context":"https:\/\/schema.org","@graph":[{"@type":"WebPage","@id":"https:\/\/tiendaecologicalacanela.com\/comprar\/producto\/silla-de-yoga\/","url":"https:\/\/tiendaecologicalacanela.com\/comprar\/producto\/silla-de-yoga\/","name":"Silla de yoga - Tienda de yoga online La Canela","isPartOf":{"@id":"https:\/\/tiendaecologicalacanela.com\/comprar\/#website"},"datePublished":"2021-08-03T11:06:59+00:00","dateModified":"2024-02-12T09:16:43+00:00","breadcrumb":{"@id":"https:\/\/tiendaecologicalacanela.com\/comprar\/producto\/silla-de-yoga\/#breadcrumb"},"inLanguage":"es","potentialAction":[{"@type":"ReadAction","target":["https:\/\/tiendaecologicalacanela.com\/comprar\/producto\/silla-de-yoga\/"]}]},{"@type":"BreadcrumbList","@id":"https:\/\/tiendaecologicalacanela.com\/comprar\/producto\/silla-de-yoga\/#breadcrumb","itemListElement":[{"@type":"ListItem","position":1,"name":"Tienda","item":"https:\/\/tiendaecologicalacanela.com\/comprar\/tienda\/"},{"@type":"ListItem","position":2,"name":"Silla de yoga"}]},{"@type":"WebSite","@id":"https:\/\/tiendaecologicalacanela.com\/comprar\/#website","url":"https:\/\/tiendaecologicalacanela.com\/comprar\/","name":"Tienda de yoga online La Canela","description":"","potentialAction":[{"@type":"SearchAction","target":{"@type":"EntryPoint","urlTemplate":"https:\/\/tiendaecologicalacanela.com\/comprar\/?s={search_term_string}"},"query-input":"required name=search_term_string"}],"inLanguage":"es"}]}},"_links":{"self":[{"href":"https:\/\/tiendaecologicalacanela.com\/comprar\/wp-json\/wp\/v2\/product\/2898"}],"collection":[{"href":"https:\/\/tiendaecologicalacanela.com\/comprar\/wp-json\/wp\/v2\/product"}],"about":[{"href":"https:\/\/tiendaecologicalacanela.com\/comprar\/wp-json\/wp\/v2\/types\/product"}],"wp:featuredmedia":[{"embeddable":true,"href":"https:\/\/tiendaecologicalacanela.com\/comprar\/wp-json\/wp\/v2\/media\/2903"}],"wp:attachment":[{"href":"https:\/\/tiendaecologicalacanela.com\/comprar\/wp-json\/wp\/v2\/media?parent=2898"}],"wp:term":[{"taxonomy":"product_cat","embeddable":true,"href":"https:\/\/tiendaecologicalacanela.com\/comprar\/wp-json\/wp\/v2\/product_cat?post=2898"},{"taxonomy":"product_tag","embeddable":true,"href":"https:\/\/tiendaecologicalacanela.com\/comprar\/wp-json\/wp\/v2\/product_tag?post=2898"}],"curies":[{"name":"wp","href":"https:\/\/api.w.org\/{rel}","templated":true}]}}