{"id":3026,"date":"2023-02-12T12:59:35","date_gmt":"2023-02-12T12:59:35","guid":{"rendered":"https:\/\/tiendaecologicalacanela.com\/comprar\/?post_type=product&#038;p=3026"},"modified":"2024-03-13T20:24:27","modified_gmt":"2024-03-13T20:24:27","slug":"manta-para-yoga-de-algodon-blanca-pequena-90x120cm","status":"publish","type":"product","link":"https:\/\/tiendaecologicalacanela.com\/comprar\/producto\/manta-para-yoga-de-algodon-blanca-pequena-90x120cm\/","title":{"rendered":"Manta para yoga de algod\u00f3n blanca peque\u00f1a 90x120cm"},"content":{"rendered":"","protected":false},"excerpt":{"rendered":"<p style=\"text-align: left;\"><strong>Manta de yoga<\/strong>, compuesta mayormente de <strong>algod\u00f3n<\/strong>, recomendada para la relajaci\u00f3n y las asanas invertidas, permitiendo mayor confort.<\/p>\n<p style=\"text-align: left;\">Lavable a m\u00e1quina en agua fr\u00eda.<\/p>\n<p style=\"text-align: left;\"><strong>Medidas<\/strong>: 90 x 120 cm.<\/p>\n<hr \/>\n<h3>\u00a1Ll\u00e1manos ahora al t<strong>el\u00e9fono <a href=\"tel: 915314904\">915 314 904<\/a>!<\/strong><\/h3>\n<hr \/>\n","protected":false},"featured_media":3027,"template":"","meta":[],"product_cat":[31],"product_tag":[],"yoast_head":"<!-- This site is optimized with the Yoast SEO plugin v21.4 - https:\/\/yoast.com\/wordpress\/plugins\/seo\/ -->\n<title>Manta para yoga de algod\u00f3n blanca peque\u00f1a 90x120cm - Tienda de yoga online La Canela<\/title>\n<meta name=\"robots\" content=\"index, follow, max-snippet:-1, max-image-preview:large, max-video-preview:-1\" \/>\n<link rel=\"canonical\" href=\"https:\/\/tiendaecologicalacanela.com\/comprar\/producto\/manta-para-yoga-de-algodon-blanca-pequena-90x120cm\/\" \/>\n<meta property=\"og:locale\" content=\"es_ES\" \/>\n<meta property=\"og:type\" content=\"article\" \/>\n<meta property=\"og:title\" content=\"Manta para yoga de algod\u00f3n blanca peque\u00f1a 90x120cm - Tienda de yoga online La Canela\" \/>\n<meta property=\"og:description\" content=\"Manta de yoga, compuesta mayormente de algod\u00f3n, recomendada para la relajaci\u00f3n y las asanas invertidas, permitiendo mayor confort. Lavable a m\u00e1quina en agua fr\u00eda. Medidas: 90 x 120 cm.     \u00a1Ll\u00e1manos ahora al tel\u00e9fono 915 314 904!\" \/>\n<meta property=\"og:url\" content=\"https:\/\/tiendaecologicalacanela.com\/comprar\/producto\/manta-para-yoga-de-algodon-blanca-pequena-90x120cm\/\" \/>\n<meta property=\"og:site_name\" content=\"Tienda de yoga online La Canela\" \/>\n<meta property=\"article:modified_time\" content=\"2024-03-13T20:24:27+00:00\" \/>\n<meta property=\"og:image\" content=\"https:\/\/tiendaecologicalacanela.com\/comprar\/wp-content\/uploads\/2023\/02\/Manta-de-algodon-tienda-la-canela.jpg\" \/>\n\t<meta property=\"og:image:width\" content=\"1280\" \/>\n\t<meta property=\"og:image:height\" content=\"960\" \/>\n\t<meta property=\"og:image:type\" content=\"image\/jpeg\" \/>\n<meta name=\"twitter:card\" content=\"summary_large_image\" \/>\n<script type=\"application\/ld+json\" class=\"yoast-schema-graph\">{\"@context\":\"https:\/\/schema.org\",\"@graph\":[{\"@type\":\"WebPage\",\"@id\":\"https:\/\/tiendaecologicalacanela.com\/comprar\/producto\/manta-para-yoga-de-algodon-blanca-pequena-90x120cm\/\",\"url\":\"https:\/\/tiendaecologicalacanela.com\/comprar\/producto\/manta-para-yoga-de-algodon-blanca-pequena-90x120cm\/\",\"name\":\"Manta para yoga de algod\u00f3n blanca peque\u00f1a 90x120cm - Tienda de yoga online La Canela\",\"isPartOf\":{\"@id\":\"https:\/\/tiendaecologicalacanela.com\/comprar\/#website\"},\"datePublished\":\"2023-02-12T12:59:35+00:00\",\"dateModified\":\"2024-03-13T20:24:27+00:00\",\"breadcrumb\":{\"@id\":\"https:\/\/tiendaecologicalacanela.com\/comprar\/producto\/manta-para-yoga-de-algodon-blanca-pequena-90x120cm\/#breadcrumb\"},\"inLanguage\":\"es\",\"potentialAction\":[{\"@type\":\"ReadAction\",\"target\":[\"https:\/\/tiendaecologicalacanela.com\/comprar\/producto\/manta-para-yoga-de-algodon-blanca-pequena-90x120cm\/\"]}]},{\"@type\":\"BreadcrumbList\",\"@id\":\"https:\/\/tiendaecologicalacanela.com\/comprar\/producto\/manta-para-yoga-de-algodon-blanca-pequena-90x120cm\/#breadcrumb\",\"itemListElement\":[{\"@type\":\"ListItem\",\"position\":1,\"name\":\"Tienda\",\"item\":\"https:\/\/tiendaecologicalacanela.com\/comprar\/tienda\/\"},{\"@type\":\"ListItem\",\"position\":2,\"name\":\"Manta para yoga de algod\u00f3n blanca peque\u00f1a 90x120cm\"}]},{\"@type\":\"WebSite\",\"@id\":\"https:\/\/tiendaecologicalacanela.com\/comprar\/#website\",\"url\":\"https:\/\/tiendaecologicalacanela.com\/comprar\/\",\"name\":\"Tienda de yoga online La Canela\",\"description\":\"\",\"potentialAction\":[{\"@type\":\"SearchAction\",\"target\":{\"@type\":\"EntryPoint\",\"urlTemplate\":\"https:\/\/tiendaecologicalacanela.com\/comprar\/?s={search_term_string}\"},\"query-input\":\"required name=search_term_string\"}],\"inLanguage\":\"es\"}]}<\/script>\n<!-- \/ Yoast SEO plugin. -->","yoast_head_json":{"title":"Manta para yoga de algod\u00f3n blanca peque\u00f1a 90x120cm - Tienda de yoga online La Canela","robots":{"index":"index","follow":"follow","max-snippet":"max-snippet:-1","max-image-preview":"max-image-preview:large","max-video-preview":"max-video-preview:-1"},"canonical":"https:\/\/tiendaecologicalacanela.com\/comprar\/producto\/manta-para-yoga-de-algodon-blanca-pequena-90x120cm\/","og_locale":"es_ES","og_type":"article","og_title":"Manta para yoga de algod\u00f3n blanca peque\u00f1a 90x120cm - Tienda de yoga online La Canela","og_description":"Manta de yoga, compuesta mayormente de algod\u00f3n, recomendada para la relajaci\u00f3n y las asanas invertidas, permitiendo mayor confort. Lavable a m\u00e1quina en agua fr\u00eda. Medidas: 90 x 120 cm.     \u00a1Ll\u00e1manos ahora al tel\u00e9fono 915 314 904!","og_url":"https:\/\/tiendaecologicalacanela.com\/comprar\/producto\/manta-para-yoga-de-algodon-blanca-pequena-90x120cm\/","og_site_name":"Tienda de yoga online La Canela","article_modified_time":"2024-03-13T20:24:27+00:00","og_image":[{"width":1280,"height":960,"url":"https:\/\/tiendaecologicalacanela.com\/comprar\/wp-content\/uploads\/2023\/02\/Manta-de-algodon-tienda-la-canela.jpg","type":"image\/jpeg"}],"twitter_card":"summary_large_image","schema":{"@context":"https:\/\/schema.org","@graph":[{"@type":"WebPage","@id":"https:\/\/tiendaecologicalacanela.com\/comprar\/producto\/manta-para-yoga-de-algodon-blanca-pequena-90x120cm\/","url":"https:\/\/tiendaecologicalacanela.com\/comprar\/producto\/manta-para-yoga-de-algodon-blanca-pequena-90x120cm\/","name":"Manta para yoga de algod\u00f3n blanca peque\u00f1a 90x120cm - Tienda de yoga online La Canela","isPartOf":{"@id":"https:\/\/tiendaecologicalacanela.com\/comprar\/#website"},"datePublished":"2023-02-12T12:59:35+00:00","dateModified":"2024-03-13T20:24:27+00:00","breadcrumb":{"@id":"https:\/\/tiendaecologicalacanela.com\/comprar\/producto\/manta-para-yoga-de-algodon-blanca-pequena-90x120cm\/#breadcrumb"},"inLanguage":"es","potentialAction":[{"@type":"ReadAction","target":["https:\/\/tiendaecologicalacanela.com\/comprar\/producto\/manta-para-yoga-de-algodon-blanca-pequena-90x120cm\/"]}]},{"@type":"BreadcrumbList","@id":"https:\/\/tiendaecologicalacanela.com\/comprar\/producto\/manta-para-yoga-de-algodon-blanca-pequena-90x120cm\/#breadcrumb","itemListElement":[{"@type":"ListItem","position":1,"name":"Tienda","item":"https:\/\/tiendaecologicalacanela.com\/comprar\/tienda\/"},{"@type":"ListItem","position":2,"name":"Manta para yoga de algod\u00f3n blanca peque\u00f1a 90x120cm"}]},{"@type":"WebSite","@id":"https:\/\/tiendaecologicalacanela.com\/comprar\/#website","url":"https:\/\/tiendaecologicalacanela.com\/comprar\/","name":"Tienda de yoga online La Canela","description":"","potentialAction":[{"@type":"SearchAction","target":{"@type":"EntryPoint","urlTemplate":"https:\/\/tiendaecologicalacanela.com\/comprar\/?s={search_term_string}"},"query-input":"required name=search_term_string"}],"inLanguage":"es"}]}},"_links":{"self":[{"href":"https:\/\/tiendaecologicalacanela.com\/comprar\/wp-json\/wp\/v2\/product\/3026"}],"collection":[{"href":"https:\/\/tiendaecologicalacanela.com\/comprar\/wp-json\/wp\/v2\/product"}],"about":[{"href":"https:\/\/tiendaecologicalacanela.com\/comprar\/wp-json\/wp\/v2\/types\/product"}],"wp:featuredmedia":[{"embeddable":true,"href":"https:\/\/tiendaecologicalacanela.com\/comprar\/wp-json\/wp\/v2\/media\/3027"}],"wp:attachment":[{"href":"https:\/\/tiendaecologicalacanela.com\/comprar\/wp-json\/wp\/v2\/media?parent=3026"}],"wp:term":[{"taxonomy":"product_cat","embeddable":true,"href":"https:\/\/tiendaecologicalacanela.com\/comprar\/wp-json\/wp\/v2\/product_cat?post=3026"},{"taxonomy":"product_tag","embeddable":true,"href":"https:\/\/tiendaecologicalacanela.com\/comprar\/wp-json\/wp\/v2\/product_tag?post=3026"}],"curies":[{"name":"wp","href":"https:\/\/api.w.org\/{rel}","templated":true}]}}