{"id":3029,"date":"2023-02-12T13:24:45","date_gmt":"2023-02-12T13:24:45","guid":{"rendered":"https:\/\/tiendaecologicalacanela.com\/comprar\/?post_type=product&#038;p=3029"},"modified":"2024-03-13T20:24:15","modified_gmt":"2024-03-13T20:24:15","slug":"esterilla-de-yoga-plegable-eko-superlite","status":"publish","type":"product","link":"https:\/\/tiendaecologicalacanela.com\/comprar\/producto\/esterilla-de-yoga-plegable-eko-superlite\/","title":{"rendered":"Esterilla de Yoga plegable EKO Superlite Manduka"},"content":{"rendered":"","protected":false},"excerpt":{"rendered":"<p style=\"text-align: left;\"><strong>Medidas<\/strong>: 180 x 60 x 1.5 cm<\/p>\n<p style=\"text-align: left;\"><strong>Grosor<\/strong>: 1.5 mm.<\/p>\n<p style=\"text-align: left;\"><strong>Peso<\/strong>: 1.3 kg.<\/p>\n<p style=\"text-align: left;\"><strong>Agarre<\/strong>: muy alto.<\/p>\n<p style=\"font-weight: 400;\"><strong style=\"font-weight: 600;\">Descripci\u00f3n:<\/strong><\/p>\n<p style=\"font-weight: 400;\">Menos\u00a0 50% de peso, ideal para viajeros o parar tu pr\u00f3ximo retiro.<\/p>\n<p style=\"font-weight: 400;\"><strong style=\"font-weight: 600;\">Caracter\u00edsticas:<\/strong><\/p>\n<ul style=\"font-weight: 400;\">\n<li>Material muy suave, facil de limpiar, con una superficie que controla la proliferaci\u00f3n de la humedad y bacterias<\/li>\n<li>F\u00e1cil de transportar material denso delgada<\/li>\n<li>Material especial que se adhiere al suelo, y facilita maniobrar diversas posturas.<\/li>\n<li>Fabricaci\u00f3n 100% sin l\u00e1tex, sin emisiones y con certificaci\u00f3n OEKO-TEX\u00ae Fabricado en Alemania<\/li>\n<\/ul>\n<p style=\"font-weight: 400;\">Fabricaci\u00f3n responsable y amigable con el medio ambiente<\/p>\n<p style=\"text-align: left;\">\u00a1Ll\u00e1manos ahora al t<strong>el\u00e9fono <a href=\"tel: 915314904\">915 314 904<\/a>!<\/strong><\/p>\n<hr \/>\n","protected":false},"featured_media":3030,"template":"","meta":[],"product_cat":[16],"product_tag":[],"yoast_head":"<!-- This site is optimized with the Yoast SEO plugin v21.4 - https:\/\/yoast.com\/wordpress\/plugins\/seo\/ -->\n<title>Esterilla de Yoga plegable EKO Superlite Manduka - Tienda de yoga online La Canela<\/title>\n<meta name=\"robots\" content=\"index, follow, max-snippet:-1, max-image-preview:large, max-video-preview:-1\" \/>\n<link rel=\"canonical\" href=\"https:\/\/tiendaecologicalacanela.com\/comprar\/producto\/esterilla-de-yoga-plegable-eko-superlite\/\" \/>\n<meta property=\"og:locale\" content=\"es_ES\" \/>\n<meta property=\"og:type\" content=\"article\" \/>\n<meta property=\"og:title\" content=\"Esterilla de Yoga plegable EKO Superlite Manduka - Tienda de yoga online La Canela\" \/>\n<meta property=\"og:description\" content=\"Medidas: 180 x 60 x 1.5 cm Grosor: 1.5 mm. Peso: 1.3 kg. Agarre: muy alto. Descripci\u00f3n: Menos\u00a0 50% de peso, ideal para viajeros o parar tu pr\u00f3ximo retiro. Caracter\u00edsticas:    Material muy suave, facil de limpiar, con una superficie que controla la proliferaci\u00f3n de la humedad y bacterias  F\u00e1cil de transportar material denso delgada  Material especial que se adhiere al suelo, y facilita maniobrar diversas posturas.  Fabricaci\u00f3n 100% sin l\u00e1tex, sin emisiones y con certificaci\u00f3n OEKO-TEX\u00ae Fabricado en Alemania  Fabricaci\u00f3n responsable y amigable con el medio ambiente \u00a1Ll\u00e1manos ahora al tel\u00e9fono 915 314 904!\" \/>\n<meta property=\"og:url\" content=\"https:\/\/tiendaecologicalacanela.com\/comprar\/producto\/esterilla-de-yoga-plegable-eko-superlite\/\" \/>\n<meta property=\"og:site_name\" content=\"Tienda de yoga online La Canela\" \/>\n<meta property=\"article:modified_time\" content=\"2024-03-13T20:24:15+00:00\" \/>\n<meta property=\"og:image\" content=\"https:\/\/tiendaecologicalacanela.com\/comprar\/wp-content\/uploads\/2023\/02\/esterilla-de-yoga-almost-perfect-pro-travel_La_Canela1.png\" \/>\n\t<meta property=\"og:image:width\" content=\"800\" \/>\n\t<meta property=\"og:image:height\" content=\"1000\" \/>\n\t<meta property=\"og:image:type\" content=\"image\/png\" \/>\n<meta name=\"twitter:card\" content=\"summary_large_image\" \/>\n<script type=\"application\/ld+json\" class=\"yoast-schema-graph\">{\"@context\":\"https:\/\/schema.org\",\"@graph\":[{\"@type\":\"WebPage\",\"@id\":\"https:\/\/tiendaecologicalacanela.com\/comprar\/producto\/esterilla-de-yoga-plegable-eko-superlite\/\",\"url\":\"https:\/\/tiendaecologicalacanela.com\/comprar\/producto\/esterilla-de-yoga-plegable-eko-superlite\/\",\"name\":\"Esterilla de Yoga plegable EKO Superlite Manduka - Tienda de yoga online La Canela\",\"isPartOf\":{\"@id\":\"https:\/\/tiendaecologicalacanela.com\/comprar\/#website\"},\"datePublished\":\"2023-02-12T13:24:45+00:00\",\"dateModified\":\"2024-03-13T20:24:15+00:00\",\"breadcrumb\":{\"@id\":\"https:\/\/tiendaecologicalacanela.com\/comprar\/producto\/esterilla-de-yoga-plegable-eko-superlite\/#breadcrumb\"},\"inLanguage\":\"es\",\"potentialAction\":[{\"@type\":\"ReadAction\",\"target\":[\"https:\/\/tiendaecologicalacanela.com\/comprar\/producto\/esterilla-de-yoga-plegable-eko-superlite\/\"]}]},{\"@type\":\"BreadcrumbList\",\"@id\":\"https:\/\/tiendaecologicalacanela.com\/comprar\/producto\/esterilla-de-yoga-plegable-eko-superlite\/#breadcrumb\",\"itemListElement\":[{\"@type\":\"ListItem\",\"position\":1,\"name\":\"Tienda\",\"item\":\"https:\/\/tiendaecologicalacanela.com\/comprar\/tienda\/\"},{\"@type\":\"ListItem\",\"position\":2,\"name\":\"Esterilla de Yoga plegable EKO Superlite Manduka\"}]},{\"@type\":\"WebSite\",\"@id\":\"https:\/\/tiendaecologicalacanela.com\/comprar\/#website\",\"url\":\"https:\/\/tiendaecologicalacanela.com\/comprar\/\",\"name\":\"Tienda de yoga online La Canela\",\"description\":\"\",\"potentialAction\":[{\"@type\":\"SearchAction\",\"target\":{\"@type\":\"EntryPoint\",\"urlTemplate\":\"https:\/\/tiendaecologicalacanela.com\/comprar\/?s={search_term_string}\"},\"query-input\":\"required name=search_term_string\"}],\"inLanguage\":\"es\"}]}<\/script>\n<!-- \/ Yoast SEO plugin. -->","yoast_head_json":{"title":"Esterilla de Yoga plegable EKO Superlite Manduka - Tienda de yoga online La Canela","robots":{"index":"index","follow":"follow","max-snippet":"max-snippet:-1","max-image-preview":"max-image-preview:large","max-video-preview":"max-video-preview:-1"},"canonical":"https:\/\/tiendaecologicalacanela.com\/comprar\/producto\/esterilla-de-yoga-plegable-eko-superlite\/","og_locale":"es_ES","og_type":"article","og_title":"Esterilla de Yoga plegable EKO Superlite Manduka - Tienda de yoga online La Canela","og_description":"Medidas: 180 x 60 x 1.5 cm Grosor: 1.5 mm. Peso: 1.3 kg. Agarre: muy alto. Descripci\u00f3n: Menos\u00a0 50% de peso, ideal para viajeros o parar tu pr\u00f3ximo retiro. Caracter\u00edsticas:    Material muy suave, facil de limpiar, con una superficie que controla la proliferaci\u00f3n de la humedad y bacterias  F\u00e1cil de transportar material denso delgada  Material especial que se adhiere al suelo, y facilita maniobrar diversas posturas.  Fabricaci\u00f3n 100% sin l\u00e1tex, sin emisiones y con certificaci\u00f3n OEKO-TEX\u00ae Fabricado en Alemania  Fabricaci\u00f3n responsable y amigable con el medio ambiente \u00a1Ll\u00e1manos ahora al tel\u00e9fono 915 314 904!","og_url":"https:\/\/tiendaecologicalacanela.com\/comprar\/producto\/esterilla-de-yoga-plegable-eko-superlite\/","og_site_name":"Tienda de yoga online La Canela","article_modified_time":"2024-03-13T20:24:15+00:00","og_image":[{"width":800,"height":1000,"url":"https:\/\/tiendaecologicalacanela.com\/comprar\/wp-content\/uploads\/2023\/02\/esterilla-de-yoga-almost-perfect-pro-travel_La_Canela1.png","type":"image\/png"}],"twitter_card":"summary_large_image","schema":{"@context":"https:\/\/schema.org","@graph":[{"@type":"WebPage","@id":"https:\/\/tiendaecologicalacanela.com\/comprar\/producto\/esterilla-de-yoga-plegable-eko-superlite\/","url":"https:\/\/tiendaecologicalacanela.com\/comprar\/producto\/esterilla-de-yoga-plegable-eko-superlite\/","name":"Esterilla de Yoga plegable EKO Superlite Manduka - Tienda de yoga online La Canela","isPartOf":{"@id":"https:\/\/tiendaecologicalacanela.com\/comprar\/#website"},"datePublished":"2023-02-12T13:24:45+00:00","dateModified":"2024-03-13T20:24:15+00:00","breadcrumb":{"@id":"https:\/\/tiendaecologicalacanela.com\/comprar\/producto\/esterilla-de-yoga-plegable-eko-superlite\/#breadcrumb"},"inLanguage":"es","potentialAction":[{"@type":"ReadAction","target":["https:\/\/tiendaecologicalacanela.com\/comprar\/producto\/esterilla-de-yoga-plegable-eko-superlite\/"]}]},{"@type":"BreadcrumbList","@id":"https:\/\/tiendaecologicalacanela.com\/comprar\/producto\/esterilla-de-yoga-plegable-eko-superlite\/#breadcrumb","itemListElement":[{"@type":"ListItem","position":1,"name":"Tienda","item":"https:\/\/tiendaecologicalacanela.com\/comprar\/tienda\/"},{"@type":"ListItem","position":2,"name":"Esterilla de Yoga plegable EKO Superlite Manduka"}]},{"@type":"WebSite","@id":"https:\/\/tiendaecologicalacanela.com\/comprar\/#website","url":"https:\/\/tiendaecologicalacanela.com\/comprar\/","name":"Tienda de yoga online La Canela","description":"","potentialAction":[{"@type":"SearchAction","target":{"@type":"EntryPoint","urlTemplate":"https:\/\/tiendaecologicalacanela.com\/comprar\/?s={search_term_string}"},"query-input":"required name=search_term_string"}],"inLanguage":"es"}]}},"_links":{"self":[{"href":"https:\/\/tiendaecologicalacanela.com\/comprar\/wp-json\/wp\/v2\/product\/3029"}],"collection":[{"href":"https:\/\/tiendaecologicalacanela.com\/comprar\/wp-json\/wp\/v2\/product"}],"about":[{"href":"https:\/\/tiendaecologicalacanela.com\/comprar\/wp-json\/wp\/v2\/types\/product"}],"wp:featuredmedia":[{"embeddable":true,"href":"https:\/\/tiendaecologicalacanela.com\/comprar\/wp-json\/wp\/v2\/media\/3030"}],"wp:attachment":[{"href":"https:\/\/tiendaecologicalacanela.com\/comprar\/wp-json\/wp\/v2\/media?parent=3029"}],"wp:term":[{"taxonomy":"product_cat","embeddable":true,"href":"https:\/\/tiendaecologicalacanela.com\/comprar\/wp-json\/wp\/v2\/product_cat?post=3029"},{"taxonomy":"product_tag","embeddable":true,"href":"https:\/\/tiendaecologicalacanela.com\/comprar\/wp-json\/wp\/v2\/product_tag?post=3029"}],"curies":[{"name":"wp","href":"https:\/\/api.w.org\/{rel}","templated":true}]}}