{"id":3033,"date":"2023-02-12T14:22:53","date_gmt":"2023-02-12T14:22:53","guid":{"rendered":"https:\/\/tiendaecologicalacanela.com\/comprar\/?post_type=product&#038;p=3033"},"modified":"2024-03-13T20:22:07","modified_gmt":"2024-03-13T20:22:07","slug":"pelota-de-corcho-para-auto-masajes","status":"publish","type":"product","link":"https:\/\/tiendaecologicalacanela.com\/comprar\/producto\/pelota-de-corcho-para-auto-masajes\/","title":{"rendered":"Pelota de corcho para auto masajes"},"content":{"rendered":"","protected":false},"excerpt":{"rendered":"<p>Masajero Multiuso especial para rutinas de Yoga.<\/p>\n<p>Di\u00e1metro: 7,5cm<\/p>\n<p>100% corcho natural, biodegradable.<\/p>\n<ul class=\"a-unordered-list a-vertical a-spacing-none\">\n<li><span class=\"a-list-item\">MASAJERO MULTIUSO: util\u00edcelo para la recuperaci\u00f3n muscular despu\u00e9s del ejercicio, la terapia de puntos gatillo, la auto-liberaci\u00f3n miofascial, el yoga + el cross-fit, la reflexolog\u00eda.<\/span><\/li>\n<li><span class=\"a-list-item\">ALCANZA M\u00c1S M\u00daSCULOS: su forma logra llegar a los nudos musculares con una presi\u00f3n profunda del tejido para la parte superior o inferior de la espalda, el pie, el cuello, la mano, el gl\u00fateo y el alivio del dolor en el hombro.<\/span><\/li>\n<li><span class=\"a-list-item\">CORK MEDITERR\u00c1NEO 100% NATURAL: la bola de masaje de corcho firme de alta calidad, duraderas y de alta densidad, no son t\u00f3xicas y son ecol\u00f3gicas.<\/span><\/li>\n<li><span class=\"a-list-item\">F\u00c1CIL ALIVIO INMEDIATO: deje que el peso de su cuerpo + la gravedad haga el trabajo | Ap\u00f3yate en una o dos en \u00e1reas musculares espec\u00edficas<\/span><\/li>\n<\/ul>\n<p class=\"a-list-item\">Se limpia f\u00e1cilmente con un trapo h\u00famedo.<\/p>\n<hr \/>\n<h3>\u00a1Ll\u00e1manos ahora al t<strong>el\u00e9fono <a href=\"tel: 915314904\">915 314 904<\/a>!<\/strong><\/h3>\n<hr \/>\n","protected":false},"featured_media":3034,"template":"","meta":[],"product_cat":[46,32],"product_tag":[],"yoast_head":"<!-- This site is optimized with the Yoast SEO plugin v21.4 - https:\/\/yoast.com\/wordpress\/plugins\/seo\/ -->\n<title>Pelota de corcho para auto masajes - Tienda de yoga online La Canela<\/title>\n<meta name=\"robots\" content=\"index, follow, max-snippet:-1, max-image-preview:large, max-video-preview:-1\" \/>\n<link rel=\"canonical\" href=\"https:\/\/tiendaecologicalacanela.com\/comprar\/producto\/pelota-de-corcho-para-auto-masajes\/\" \/>\n<meta property=\"og:locale\" content=\"es_ES\" \/>\n<meta property=\"og:type\" content=\"article\" \/>\n<meta property=\"og:title\" content=\"Pelota de corcho para auto masajes - Tienda de yoga online La Canela\" \/>\n<meta property=\"og:description\" content=\"Masajero Multiuso especial para rutinas de Yoga.  Di\u00e1metro: 7,5cm  100% corcho natural, biodegradable.   MASAJERO MULTIUSO: util\u00edcelo para la recuperaci\u00f3n muscular despu\u00e9s del ejercicio, la terapia de puntos gatillo, la auto-liberaci\u00f3n miofascial, el yoga + el cross-fit, la reflexolog\u00eda.  ALCANZA M\u00c1S M\u00daSCULOS: su forma logra llegar a los nudos musculares con una presi\u00f3n profunda del tejido para la parte superior o inferior de la espalda, el pie, el cuello, la mano, el gl\u00fateo y el alivio del dolor en el hombro.  CORK MEDITERR\u00c1NEO 100% NATURAL: la bola de masaje de corcho firme de alta calidad, duraderas y de alta densidad, no son t\u00f3xicas y son ecol\u00f3gicas.  F\u00c1CIL ALIVIO INMEDIATO: deje que el peso de su cuerpo + la gravedad haga el trabajo | Ap\u00f3yate en una o dos en \u00e1reas musculares espec\u00edficas  Se limpia f\u00e1cilmente con un trapo h\u00famedo.     \u00a1Ll\u00e1manos ahora al tel\u00e9fono 915 314 904!\" \/>\n<meta property=\"og:url\" content=\"https:\/\/tiendaecologicalacanela.com\/comprar\/producto\/pelota-de-corcho-para-auto-masajes\/\" \/>\n<meta property=\"og:site_name\" content=\"Tienda de yoga online La Canela\" \/>\n<meta property=\"article:modified_time\" content=\"2024-03-13T20:22:07+00:00\" \/>\n<meta property=\"og:image\" content=\"https:\/\/tiendaecologicalacanela.com\/comprar\/wp-content\/uploads\/2023\/02\/cuna-de-corcho-pequena-La-Canela1.jpg\" \/>\n\t<meta property=\"og:image:width\" content=\"632\" \/>\n\t<meta property=\"og:image:height\" content=\"770\" \/>\n\t<meta property=\"og:image:type\" content=\"image\/jpeg\" \/>\n<meta name=\"twitter:card\" content=\"summary_large_image\" \/>\n<script type=\"application\/ld+json\" class=\"yoast-schema-graph\">{\"@context\":\"https:\/\/schema.org\",\"@graph\":[{\"@type\":\"WebPage\",\"@id\":\"https:\/\/tiendaecologicalacanela.com\/comprar\/producto\/pelota-de-corcho-para-auto-masajes\/\",\"url\":\"https:\/\/tiendaecologicalacanela.com\/comprar\/producto\/pelota-de-corcho-para-auto-masajes\/\",\"name\":\"Pelota de corcho para auto masajes - Tienda de yoga online La Canela\",\"isPartOf\":{\"@id\":\"https:\/\/tiendaecologicalacanela.com\/comprar\/#website\"},\"datePublished\":\"2023-02-12T14:22:53+00:00\",\"dateModified\":\"2024-03-13T20:22:07+00:00\",\"breadcrumb\":{\"@id\":\"https:\/\/tiendaecologicalacanela.com\/comprar\/producto\/pelota-de-corcho-para-auto-masajes\/#breadcrumb\"},\"inLanguage\":\"es\",\"potentialAction\":[{\"@type\":\"ReadAction\",\"target\":[\"https:\/\/tiendaecologicalacanela.com\/comprar\/producto\/pelota-de-corcho-para-auto-masajes\/\"]}]},{\"@type\":\"BreadcrumbList\",\"@id\":\"https:\/\/tiendaecologicalacanela.com\/comprar\/producto\/pelota-de-corcho-para-auto-masajes\/#breadcrumb\",\"itemListElement\":[{\"@type\":\"ListItem\",\"position\":1,\"name\":\"Tienda\",\"item\":\"https:\/\/tiendaecologicalacanela.com\/comprar\/tienda\/\"},{\"@type\":\"ListItem\",\"position\":2,\"name\":\"Pelota de corcho para auto masajes\"}]},{\"@type\":\"WebSite\",\"@id\":\"https:\/\/tiendaecologicalacanela.com\/comprar\/#website\",\"url\":\"https:\/\/tiendaecologicalacanela.com\/comprar\/\",\"name\":\"Tienda de yoga online La Canela\",\"description\":\"\",\"potentialAction\":[{\"@type\":\"SearchAction\",\"target\":{\"@type\":\"EntryPoint\",\"urlTemplate\":\"https:\/\/tiendaecologicalacanela.com\/comprar\/?s={search_term_string}\"},\"query-input\":\"required name=search_term_string\"}],\"inLanguage\":\"es\"}]}<\/script>\n<!-- \/ Yoast SEO plugin. -->","yoast_head_json":{"title":"Pelota de corcho para auto masajes - Tienda de yoga online La Canela","robots":{"index":"index","follow":"follow","max-snippet":"max-snippet:-1","max-image-preview":"max-image-preview:large","max-video-preview":"max-video-preview:-1"},"canonical":"https:\/\/tiendaecologicalacanela.com\/comprar\/producto\/pelota-de-corcho-para-auto-masajes\/","og_locale":"es_ES","og_type":"article","og_title":"Pelota de corcho para auto masajes - Tienda de yoga online La Canela","og_description":"Masajero Multiuso especial para rutinas de Yoga.  Di\u00e1metro: 7,5cm  100% corcho natural, biodegradable.   MASAJERO MULTIUSO: util\u00edcelo para la recuperaci\u00f3n muscular despu\u00e9s del ejercicio, la terapia de puntos gatillo, la auto-liberaci\u00f3n miofascial, el yoga + el cross-fit, la reflexolog\u00eda.  ALCANZA M\u00c1S M\u00daSCULOS: su forma logra llegar a los nudos musculares con una presi\u00f3n profunda del tejido para la parte superior o inferior de la espalda, el pie, el cuello, la mano, el gl\u00fateo y el alivio del dolor en el hombro.  CORK MEDITERR\u00c1NEO 100% NATURAL: la bola de masaje de corcho firme de alta calidad, duraderas y de alta densidad, no son t\u00f3xicas y son ecol\u00f3gicas.  F\u00c1CIL ALIVIO INMEDIATO: deje que el peso de su cuerpo + la gravedad haga el trabajo | Ap\u00f3yate en una o dos en \u00e1reas musculares espec\u00edficas  Se limpia f\u00e1cilmente con un trapo h\u00famedo.     \u00a1Ll\u00e1manos ahora al tel\u00e9fono 915 314 904!","og_url":"https:\/\/tiendaecologicalacanela.com\/comprar\/producto\/pelota-de-corcho-para-auto-masajes\/","og_site_name":"Tienda de yoga online La Canela","article_modified_time":"2024-03-13T20:22:07+00:00","og_image":[{"width":632,"height":770,"url":"https:\/\/tiendaecologicalacanela.com\/comprar\/wp-content\/uploads\/2023\/02\/cuna-de-corcho-pequena-La-Canela1.jpg","type":"image\/jpeg"}],"twitter_card":"summary_large_image","schema":{"@context":"https:\/\/schema.org","@graph":[{"@type":"WebPage","@id":"https:\/\/tiendaecologicalacanela.com\/comprar\/producto\/pelota-de-corcho-para-auto-masajes\/","url":"https:\/\/tiendaecologicalacanela.com\/comprar\/producto\/pelota-de-corcho-para-auto-masajes\/","name":"Pelota de corcho para auto masajes - Tienda de yoga online La Canela","isPartOf":{"@id":"https:\/\/tiendaecologicalacanela.com\/comprar\/#website"},"datePublished":"2023-02-12T14:22:53+00:00","dateModified":"2024-03-13T20:22:07+00:00","breadcrumb":{"@id":"https:\/\/tiendaecologicalacanela.com\/comprar\/producto\/pelota-de-corcho-para-auto-masajes\/#breadcrumb"},"inLanguage":"es","potentialAction":[{"@type":"ReadAction","target":["https:\/\/tiendaecologicalacanela.com\/comprar\/producto\/pelota-de-corcho-para-auto-masajes\/"]}]},{"@type":"BreadcrumbList","@id":"https:\/\/tiendaecologicalacanela.com\/comprar\/producto\/pelota-de-corcho-para-auto-masajes\/#breadcrumb","itemListElement":[{"@type":"ListItem","position":1,"name":"Tienda","item":"https:\/\/tiendaecologicalacanela.com\/comprar\/tienda\/"},{"@type":"ListItem","position":2,"name":"Pelota de corcho para auto masajes"}]},{"@type":"WebSite","@id":"https:\/\/tiendaecologicalacanela.com\/comprar\/#website","url":"https:\/\/tiendaecologicalacanela.com\/comprar\/","name":"Tienda de yoga online La Canela","description":"","potentialAction":[{"@type":"SearchAction","target":{"@type":"EntryPoint","urlTemplate":"https:\/\/tiendaecologicalacanela.com\/comprar\/?s={search_term_string}"},"query-input":"required name=search_term_string"}],"inLanguage":"es"}]}},"_links":{"self":[{"href":"https:\/\/tiendaecologicalacanela.com\/comprar\/wp-json\/wp\/v2\/product\/3033"}],"collection":[{"href":"https:\/\/tiendaecologicalacanela.com\/comprar\/wp-json\/wp\/v2\/product"}],"about":[{"href":"https:\/\/tiendaecologicalacanela.com\/comprar\/wp-json\/wp\/v2\/types\/product"}],"wp:featuredmedia":[{"embeddable":true,"href":"https:\/\/tiendaecologicalacanela.com\/comprar\/wp-json\/wp\/v2\/media\/3034"}],"wp:attachment":[{"href":"https:\/\/tiendaecologicalacanela.com\/comprar\/wp-json\/wp\/v2\/media?parent=3033"}],"wp:term":[{"taxonomy":"product_cat","embeddable":true,"href":"https:\/\/tiendaecologicalacanela.com\/comprar\/wp-json\/wp\/v2\/product_cat?post=3033"},{"taxonomy":"product_tag","embeddable":true,"href":"https:\/\/tiendaecologicalacanela.com\/comprar\/wp-json\/wp\/v2\/product_tag?post=3033"}],"curies":[{"name":"wp","href":"https:\/\/api.w.org\/{rel}","templated":true}]}}